{"id":4842,"date":"2024-04-08T22:00:00","date_gmt":"2024-04-08T20:00:00","guid":{"rendered":"http:\/\/www.grundschule-retzstadt.de\/?page_id=4842"},"modified":"2024-04-08T22:59:39","modified_gmt":"2024-04-08T20:59:39","slug":"kultusministerium","status":"publish","type":"page","link":"http:\/\/www.grundschule-retzstadt.de\/?page_id=4842","title":{"rendered":"Kultusministerium"},"content":{"rendered":"\n<p>Im unten aufgef\u00fchrten Link finden Sie Informationen des Kultusministerium f\u00fcr einen <strong>gewinnbringenden Start in die Grundschulzeit.<\/strong> Die \u00c4nderungen f\u00fcr das Schuljahr 2024\/25 im Bereich der Stundentafel sind hier schon aktualisiert.<\/p>\n\n\n\n<div data-wp-interactive=\"core\/file\" class=\"wp-block-file\"><object data-wp-bind--hidden=\"!state.hasPdfPreview\" hidden class=\"wp-block-file__embed\" data=\"http:\/\/www.grundschule-retzstadt.de\/wp-content\/uploads\/2024\/03\/STMUK-Die-bayerische-Grundschule_2022_Web_BF-5.pdf\" type=\"application\/pdf\" style=\"width:100%;height:600px\" aria-label=\"Einbettung von STMUK-Die-bayerische-Grundschule_2022_Web_BF-5.\"><\/object><a id=\"wp-block-file--media-f11f312c-ed3b-44c8-8b05-95cf5b27c069\" href=\"http:\/\/www.grundschule-retzstadt.de\/wp-content\/uploads\/2024\/03\/STMUK-Die-bayerische-Grundschule_2022_Web_BF-5.pdf\">STMUK-Die-bayerische-Grundschule_2022_Web_BF-5<\/a><a href=\"http:\/\/www.grundschule-retzstadt.de\/wp-content\/uploads\/2024\/03\/STMUK-Die-bayerische-Grundschule_2022_Web_BF-5.pdf\" class=\"wp-block-file__button wp-element-button\" download aria-describedby=\"wp-block-file--media-f11f312c-ed3b-44c8-8b05-95cf5b27c069\">Herunterladen<\/a><\/div>\n\n\n\n<p>I<strong>nformationsbrosch\u00fcre f\u00fcr Eltern vor Schuljahresbeginn zur Sicherheit auf dem Schulweg<\/strong>:<\/p>\n\n\n\n<div data-wp-interactive=\"core\/file\" class=\"wp-block-file\"><object data-wp-bind--hidden=\"!state.hasPdfPreview\" hidden class=\"wp-block-file__embed\" data=\"http:\/\/www.grundschule-retzstadt.de\/wp-content\/uploads\/2024\/04\/KUVB_Faltblatt_Schulweg_Leseversion.pdf\" type=\"application\/pdf\" style=\"width:100%;height:600px\" aria-label=\"Einbettung von KUVB_Faltblatt_Schulweg_Leseversion.\"><\/object><a id=\"wp-block-file--media-a526bae6-7e4b-4354-811a-9767278632ae\" href=\"http:\/\/www.grundschule-retzstadt.de\/wp-content\/uploads\/2024\/04\/KUVB_Faltblatt_Schulweg_Leseversion.pdf\">KUVB_Faltblatt_Schulweg_Leseversion<\/a><a href=\"http:\/\/www.grundschule-retzstadt.de\/wp-content\/uploads\/2024\/04\/KUVB_Faltblatt_Schulweg_Leseversion.pdf\" class=\"wp-block-file__button wp-element-button\" download aria-describedby=\"wp-block-file--media-a526bae6-7e4b-4354-811a-9767278632ae\">Herunterladen<\/a><\/div>\n\n\n\n<p><strong>Informationsbrosch\u00fcre f\u00fcr Eltern zum Schulsport:<\/strong><\/p>\n\n\n\n<div data-wp-interactive=\"core\/file\" class=\"wp-block-file\"><object data-wp-bind--hidden=\"!state.hasPdfPreview\" hidden class=\"wp-block-file__embed\" data=\"http:\/\/www.grundschule-retzstadt.de\/wp-content\/uploads\/2024\/04\/Flyer_Sport_2024-02-09-2.pdf\" type=\"application\/pdf\" style=\"width:100%;height:600px\" aria-label=\"Einbettung von Flyer_Sport_2024-02-09-2.\"><\/object><a id=\"wp-block-file--media-57e7487d-0bf4-44ba-b34e-a522f10cdcdc\" href=\"http:\/\/www.grundschule-retzstadt.de\/wp-content\/uploads\/2024\/04\/Flyer_Sport_2024-02-09-2.pdf\">Flyer_Sport_2024-02-09-2<\/a><a href=\"http:\/\/www.grundschule-retzstadt.de\/wp-content\/uploads\/2024\/04\/Flyer_Sport_2024-02-09-2.pdf\" class=\"wp-block-file__button wp-element-button\" download aria-describedby=\"wp-block-file--media-57e7487d-0bf4-44ba-b34e-a522f10cdcdc\">Herunterladen<\/a><\/div>\n","protected":false},"excerpt":{"rendered":"<p>Im unten aufgef\u00fchrten Link finden Sie Informationen des Kultusministerium f\u00fcr einen gewinnbringenden Start in die Grundschulzeit. Die \u00c4nderungen f\u00fcr das Schuljahr 2024\/25 im Bereich der Stundentafel sind hier schon aktualisiert. Informationsbrosch\u00fcre f\u00fcr Eltern vor Schuljahresbeginn zur Sicherheit auf dem Schulweg: Informationsbrosch\u00fcre f\u00fcr Eltern zum Schulsport:<\/p>\n","protected":false},"author":1,"featured_media":0,"parent":0,"menu_order":0,"comment_status":"closed","ping_status":"closed","template":"","meta":{"footnotes":""},"class_list":["post-4842","page","type-page","status-publish","hentry"],"_links":{"self":[{"href":"http:\/\/www.grundschule-retzstadt.de\/index.php?rest_route=\/wp\/v2\/pages\/4842","targetHints":{"allow":["GET"]}}],"collection":[{"href":"http:\/\/www.grundschule-retzstadt.de\/index.php?rest_route=\/wp\/v2\/pages"}],"about":[{"href":"http:\/\/www.grundschule-retzstadt.de\/index.php?rest_route=\/wp\/v2\/types\/page"}],"author":[{"embeddable":true,"href":"http:\/\/www.grundschule-retzstadt.de\/index.php?rest_route=\/wp\/v2\/users\/1"}],"replies":[{"embeddable":true,"href":"http:\/\/www.grundschule-retzstadt.de\/index.php?rest_route=%2Fwp%2Fv2%2Fcomments&post=4842"}],"version-history":[{"count":7,"href":"http:\/\/www.grundschule-retzstadt.de\/index.php?rest_route=\/wp\/v2\/pages\/4842\/revisions"}],"predecessor-version":[{"id":4909,"href":"http:\/\/www.grundschule-retzstadt.de\/index.php?rest_route=\/wp\/v2\/pages\/4842\/revisions\/4909"}],"wp:attachment":[{"href":"http:\/\/www.grundschule-retzstadt.de\/index.php?rest_route=%2Fwp%2Fv2%2Fmedia&parent=4842"}],"curies":[{"name":"wp","href":"https:\/\/api.w.org\/{rel}","templated":true}]}}