{"id":2959,"date":"2024-09-26T15:00:00","date_gmt":"2024-09-26T13:00:00","guid":{"rendered":"http:\/\/www.grundschule-retzstadt.de\/?page_id=2959"},"modified":"2024-09-26T14:40:24","modified_gmt":"2024-09-26T12:40:24","slug":"sozialpaedagogin","status":"publish","type":"page","link":"http:\/\/www.grundschule-retzstadt.de\/?page_id=2959","title":{"rendered":"Sozialp\u00e4dagogin"},"content":{"rendered":"\n<p>Ein herzliches Willkommen der neuen Schulsozialp\u00e4dagogin Frau Christina Nowak an der Grundschule Retzstadt!<\/p>\n\n\n\n<figure class=\"wp-block-image size-medium\"><img loading=\"lazy\" decoding=\"async\" width=\"208\" height=\"300\" src=\"http:\/\/www.grundschule-retzstadt.de\/wp-content\/uploads\/2024\/09\/IMG_4224-2-208x300.jpg\" alt=\"\" class=\"wp-image-5087\" srcset=\"http:\/\/www.grundschule-retzstadt.de\/wp-content\/uploads\/2024\/09\/IMG_4224-2-208x300.jpg 208w, http:\/\/www.grundschule-retzstadt.de\/wp-content\/uploads\/2024\/09\/IMG_4224-2-709x1024.jpg 709w, http:\/\/www.grundschule-retzstadt.de\/wp-content\/uploads\/2024\/09\/IMG_4224-2-768x1109.jpg 768w, http:\/\/www.grundschule-retzstadt.de\/wp-content\/uploads\/2024\/09\/IMG_4224-2-1064x1536.jpg 1064w, http:\/\/www.grundschule-retzstadt.de\/wp-content\/uploads\/2024\/09\/IMG_4224-2-1418x2048.jpg 1418w, http:\/\/www.grundschule-retzstadt.de\/wp-content\/uploads\/2024\/09\/IMG_4224-2-187x270.jpg 187w, http:\/\/www.grundschule-retzstadt.de\/wp-content\/uploads\/2024\/09\/IMG_4224-2.jpg 1653w\" sizes=\"auto, (max-width: 208px) 100vw, 208px\" \/><\/figure>\n\n\n\n<p class=\"has-text-align-left has-very-light-gray-to-cyan-bluish-gray-gradient-background has-background\">Liebe Eltern und Erziehungsberechtigte,<br>gerne m\u00f6chte ich mich Ihnen vorstellen und Sie \u00fcber meine T\u00e4tigkeit an der Grundschule Retzstadt informieren.<br>Mein Name ist Christina Nowak, ich bin Sozialp\u00e4dagogin (B.A.) und seit dem 25.09. an der Grundschule im wundersch\u00f6nen Retzstadt t\u00e4tig.<br>Als Schulsozialarbeiterin bin ich Ansprechpartnerin f\u00fcr Sch\u00fcler und Sch\u00fclerinnen, Erziehungsberechtigte, Lehrer und Lehrerinnen. Meine Aufgabe ist es, die Kinder in ihrer sozialen Entwicklung zu unterst\u00fctzten und mit ihnen L\u00f6sungsm\u00f6glichkeiten bei Konflikten zu erarbeiten. Ich kann hierbei eine wichtige Unterst\u00fctzung im Schulalltag und seinen t\u00e4glichen Herausforderungen sein. Mit den Kindern der ersten Klasse werde ich daher ein Verhaltenstraining f\u00fcr Schulanf\u00e4nger durchf\u00fchren.<br>F\u00fcr Sie als Eltern biete ich Unterst\u00fctzung, wenn Sie sich aus unterschiedlichen Gr\u00fcnden Sorgen um ihr Kind machen oder Fragen zu Erziehung haben.<br>Kinder verbringen einen gro\u00dfen Anteil ihrer Zeit in der Schule, sie ist aber nicht nur ein Ort der Wissen, vermittelt sondern auch Raum f\u00fcr soziales Lernen bietet. Mein Anliegen ist es daher gemeinsam mit Ihnen, ihren Kindern und den Lehrkr\u00e4ften vor Ort das Klima in der Schule und den Schulalltag positiv mitzugestalten.<br>In diesem Schuljahr bin ich immer Mittwoch- und Donnerstagvormittag an der Schule. Sie erreichen mich \u00fcber die Telefonnummer der Schule 09364 9546. Hinterlassen Sie mir eine Nachricht, ich rufe gerne zur\u00fcck!<br>Ich freue mich auf dieses Schuljahr und die Zusammenarbeit mit Ihnen und ihren Kindern!<br>Viele Gr\u00fc\u00dfe<br>Christina Nowak<\/p>\n","protected":false},"excerpt":{"rendered":"<p>Ein herzliches Willkommen der neuen Schulsozialp\u00e4dagogin Frau Christina Nowak an der Grundschule Retzstadt! Liebe Eltern und Erziehungsberechtigte,gerne m\u00f6chte ich mich Ihnen vorstellen und Sie \u00fcber meine T\u00e4tigkeit an der Grundschule Retzstadt informieren.Mein Name ist Christina Nowak, ich bin Sozialp\u00e4dagogin (B.A.) und seit dem 25.09. an der Grundschule im wundersch\u00f6nen Retzstadt t\u00e4tig.Als Schulsozialarbeiterin bin ich Ansprechpartnerin f\u00fcr Sch\u00fcler und Sch\u00fclerinnen, Erziehungsberechtigte, Lehrer und Lehrerinnen. Meine Aufgabe ist es, die Kinder in ihrer sozialen Entwicklung zu unterst\u00fctzten und mit ihnen L\u00f6sungsm\u00f6glichkeiten bei&#8230;<\/p>\n<p class=\"read-more\"><a class=\"btn btn-default\" href=\"http:\/\/www.grundschule-retzstadt.de\/?page_id=2959\">Weiterlesen<span class=\"screen-reader-text\"> Weiterlesen<\/span><\/a><\/p>\n","protected":false},"author":1,"featured_media":0,"parent":0,"menu_order":0,"comment_status":"closed","ping_status":"closed","template":"","meta":{"footnotes":""},"class_list":["post-2959","page","type-page","status-publish","hentry"],"_links":{"self":[{"href":"http:\/\/www.grundschule-retzstadt.de\/index.php?rest_route=\/wp\/v2\/pages\/2959","targetHints":{"allow":["GET"]}}],"collection":[{"href":"http:\/\/www.grundschule-retzstadt.de\/index.php?rest_route=\/wp\/v2\/pages"}],"about":[{"href":"http:\/\/www.grundschule-retzstadt.de\/index.php?rest_route=\/wp\/v2\/types\/page"}],"author":[{"embeddable":true,"href":"http:\/\/www.grundschule-retzstadt.de\/index.php?rest_route=\/wp\/v2\/users\/1"}],"replies":[{"embeddable":true,"href":"http:\/\/www.grundschule-retzstadt.de\/index.php?rest_route=%2Fwp%2Fv2%2Fcomments&post=2959"}],"version-history":[{"count":11,"href":"http:\/\/www.grundschule-retzstadt.de\/index.php?rest_route=\/wp\/v2\/pages\/2959\/revisions"}],"predecessor-version":[{"id":5097,"href":"http:\/\/www.grundschule-retzstadt.de\/index.php?rest_route=\/wp\/v2\/pages\/2959\/revisions\/5097"}],"wp:attachment":[{"href":"http:\/\/www.grundschule-retzstadt.de\/index.php?rest_route=%2Fwp%2Fv2%2Fmedia&parent=2959"}],"curies":[{"name":"wp","href":"https:\/\/api.w.org\/{rel}","templated":true}]}}